{"id":8,"date":"2020-11-28T18:40:19","date_gmt":"2020-11-28T18:40:19","guid":{"rendered":"http:\/\/www.ladybug.fi\/blogi\/?page_id=8"},"modified":"2021-01-03T22:33:20","modified_gmt":"2021-01-03T22:33:20","slug":"tietoja","status":"publish","type":"page","link":"https:\/\/www.ladybug.fi\/blogi\/tietoja\/","title":{"rendered":"Tietoja"},"content":{"rendered":"\n<p>T\u00e4t\u00e4 blogia kirjoittaa Ladybug, eli min\u00e4. <\/p>\n","protected":false},"excerpt":{"rendered":"<p>T\u00e4t\u00e4 blogia kirjoittaa Ladybug, eli min\u00e4. <a class=\"read-more\" href=\"https:\/\/www.ladybug.fi\/blogi\/tietoja\/\" title=\"Permanent Link to: Tietoja\">&rarr;Read&nbsp;more<\/a><\/p>\n","protected":false},"author":1,"featured_media":0,"parent":0,"menu_order":0,"comment_status":"closed","ping_status":"closed","template":"","meta":[],"_links":{"self":[{"href":"https:\/\/www.ladybug.fi\/blogi\/wp-json\/wp\/v2\/pages\/8"}],"collection":[{"href":"https:\/\/www.ladybug.fi\/blogi\/wp-json\/wp\/v2\/pages"}],"about":[{"href":"https:\/\/www.ladybug.fi\/blogi\/wp-json\/wp\/v2\/types\/page"}],"author":[{"embeddable":true,"href":"https:\/\/www.ladybug.fi\/blogi\/wp-json\/wp\/v2\/users\/1"}],"replies":[{"embeddable":true,"href":"https:\/\/www.ladybug.fi\/blogi\/wp-json\/wp\/v2\/comments?post=8"}],"version-history":[{"count":2,"href":"https:\/\/www.ladybug.fi\/blogi\/wp-json\/wp\/v2\/pages\/8\/revisions"}],"predecessor-version":[{"id":57,"href":"https:\/\/www.ladybug.fi\/blogi\/wp-json\/wp\/v2\/pages\/8\/revisions\/57"}],"wp:attachment":[{"href":"https:\/\/www.ladybug.fi\/blogi\/wp-json\/wp\/v2\/media?parent=8"}],"curies":[{"name":"wp","href":"https:\/\/api.w.org\/{rel}","templated":true}]}}